{"id":37,"date":"2020-01-30T16:44:58","date_gmt":"2020-01-30T16:44:58","guid":{"rendered":"https:\/\/nokti1.zelenish.com\/homepage\/"},"modified":"2021-11-11T16:03:45","modified_gmt":"2021-11-11T16:03:45","slug":"homepage","status":"publish","type":"page","link":"https:\/\/nokti.net\/en\/","title":{"rendered":"Homepage"},"content":{"rendered":"[vc_row remove_bottom_col_margin=&#8221;true&#8221;][vc_column][vc_row_inner][vc_column_inner][vc_empty_space height=&#8221;20px&#8221;][vc_single_image image=&#8221;136&#8243; img_size=&#8221;medium&#8221; alignment=&#8221;center&#8221;][vc_empty_space height=&#8221;20px&#8221;][vc_custom_heading text=&#8221;Dobrodo\u0161li na zvani\u010dnu stranicu \u201cZlochesti Nokti\u201c&#8221; font_container=&#8221;tag:h1|text_align:center&#8221; google_fonts=&#8221;font_family:Open%20Sans%3A300%2C300italic%2Cregular%2Citalic%2C600%2C600italic%2C700%2C700italic%2C800%2C800italic|font_style:400%20regular%3A400%3Anormal&#8221;][vc_empty_space height=&#8221;10px&#8221;][vc_column_text]\n<p style=\"text-align: center;\">Mesto za sve nail majstore i obo\u017eavatelje dobrog nail dizajna. Cela ideja je pokrenuta iz ljubavi jedne \u017eenske prema noktima kao modernoj industriji i nepobedivom asesoaru savremene negovane \u017eene. Nokti, kao industrija su u konstantnom razvoju i bitno je ostati u toku. Sve inovacije u tehnikama izrade, novitete u nail dizajnu, i pravilnoj nezi va\u0161ih ruku i noktiju mo\u017eete pro\u010ditati na na\u0161em blogu. Sve ste\u010dene kvalifikacije su vam izlo\u017eene u portfoilu, da budete sigurni da na\u0161a pri\u010da nije u prazno. Pored portfoila, pogledajte i deo sa takmi\u010denjima na kojima smo u\u010destvovali. Naravno, pregledajte i na\u0161u nezaobilaznu galeriju. Pored fotografija, spremili smo i mno\u0161tvo video materijala kako bi vam priu\u0161tili pravo nail iskustvo.<\/p>\n[\/vc_column_text][\/vc_column_inner][\/vc_row_inner][vc_empty_space height=&#8221;20px&#8221;][\/vc_column][\/vc_row][vc_row column_spacing=&#8221;20&#8243; remove_bottom_col_margin=&#8221;true&#8221; css=&#8221;.vc_custom_1612304126071{background-position: center !important;background-repeat: no-repeat !important;background-size: contain !important;}&#8221; wpex_bg_position=&#8221;center center&#8221; wpex_bg_size=&#8221;100%&#8221;][vc_column][vc_row_inner gap=&#8221;20&#8243;][vc_column_inner width=&#8221;1\/2&#8243; css=&#8221;.vc_custom_1612303992267{background-color: rgba(255,255,255,0.75) !important;*background-color: rgb(255,255,255) !important;}&#8221;][vc_separator color=&#8221;custom&#8221; align=&#8221;align_left&#8221; accent_color=&#8221;#d83f87&#8243;][vc_empty_space height=&#8221;10px&#8221;][vc_single_image image=&#8221;1046&#8243; alignment=&#8221;center&#8221; style=&#8221;vc_box_shadow_3d&#8221;][vc_custom_heading text=&#8221;Zlochesti Studio&#8221; font_container=&#8221;tag:h3|font_size:22|text_align:left&#8221; google_fonts=&#8221;font_family:Open%20Sans%3A300%2C300italic%2Cregular%2Citalic%2C600%2C600italic%2C700%2C700italic%2C800%2C800italic|font_style:400%20regular%3A400%3Anormal&#8221;][vc_column_text]U na\u0161em modenom studiju mo\u017eete se prepustiti \u0161irokom spektru kozmeti\u010dkih usluga. Ponuda obuhvata negu noktiju, negu ruku i stopala. Sa preko dvanaest godina iskustava i profesionalnim proizvodima visokog kvaliteta garantujemo da \u0107e i najzahtevniji klijenti biti zadovoljni.[\/vc_column_text][vc_empty_space height=&#8221;10px&#8221;]<a href=\"\/en\/zlochesti-studio\/\" class=\"vcex-button theme-button align-left inline animate-on-hover\" style=\"background:#8265a7;padding-top:5px;padding-right:10px;padding-bottom:5px;padding-left:10px;color:#ffffff;font-size:14px;\" data-wpex-hover='{&quot;background&quot;:&quot;#44318d&quot;}'><span class=\"theme-button-inner\">Poseti Studio<\/span><\/a> [vc_empty_space height=&#8221;20px&#8221;][\/vc_column_inner][vc_column_inner width=&#8221;1\/2&#8243; css=&#8221;.vc_custom_1612303999350{background-color: rgba(255,255,255,0.75) !important;*background-color: rgb(255,255,255) !important;}&#8221;][vc_separator color=&#8221;custom&#8221; align=&#8221;align_left&#8221; accent_color=&#8221;#d83f87&#8243;][vc_empty_space height=&#8221;10px&#8221;][vc_single_image image=&#8221;1041&#8243; alignment=&#8221;center&#8221; style=&#8221;vc_box_shadow_3d&#8221;][vc_custom_heading text=&#8221;Edukacije&#8221; font_container=&#8221;tag:h3|font_size:22|text_align:left&#8221; google_fonts=&#8221;font_family:Open%20Sans%3A300%2C300italic%2Cregular%2Citalic%2C600%2C600italic%2C700%2C700italic%2C800%2C800italic|font_style:400%20regular%3A400%3Anormal&#8221;][vc_column_text]\u017delite da promenite profesiju? Volite da ste kreativni u poslu koji radite? Na\u0161 program edukacija obezbedjuje poptpuno osoposobljavanje po modenim tehnikama i sa materijalima poslednje generacije. Uplovite sa nama u beauty industriju sa pravim znanjem i sigurno\u0161\u0107u u svoj rad.[\/vc_column_text][vc_empty_space height=&#8221;10px&#8221;]<a href=\"https:\/\/nokti.net\/en\/educations\/\" class=\"vcex-button theme-button align-left inline animate-on-hover\" style=\"background:#8265a7;padding-top:5px;padding-right:10px;padding-bottom:5px;padding-left:10px;color:#ffffff;font-size:14px;\" data-wpex-hover='{&quot;background&quot;:&quot;#44318d&quot;}'><span class=\"theme-button-inner\">Pogledaj i Zaka\u017ei Edukaciju<\/span><\/a> [vc_empty_space height=&#8221;20px&#8221;][\/vc_column_inner][\/vc_row_inner][vc_row_inner gap=&#8221;20&#8243;][vc_column_inner width=&#8221;1\/2&#8243; css=&#8221;.vc_custom_1612304006438{background-color: rgba(255,255,255,0.75) !important;*background-color: rgb(255,255,255) !important;}&#8221;][vc_separator color=&#8221;custom&#8221; align=&#8221;align_left&#8221; accent_color=&#8221;#d83f87&#8243;][vc_empty_space height=&#8221;10px&#8221;][vc_single_image image=&#8221;1039&#8243; alignment=&#8221;center&#8221; style=&#8221;vc_box_shadow_3d&#8221;][vc_custom_heading text=&#8221;Blog&#8221; font_container=&#8221;tag:h3|font_size:22|text_align:left&#8221; google_fonts=&#8221;font_family:Open%20Sans%3A300%2C300italic%2Cregular%2Citalic%2C600%2C600italic%2C700%2C700italic%2C800%2C800italic|font_style:400%20regular%3A400%3Anormal&#8221;][vc_column_text]Po\u0161to je na\u0161a profesija u konstantnom razvoju, na Zlochestom Blogu mo\u017eete pratiti novitete iz struke, ali i informisati se o tehnikama, materijalu i pravilnoj nezi va\u0161ih ruku i stopala. Prijavite se na na\u0161u mail listu kako bi redovno dobijali obave\u0161tenja o novom sadr\u017eaju.[\/vc_column_text][vc_empty_space height=&#8221;10px&#8221;]<a href=\"\/en\/zlochesti-blog\/\" class=\"vcex-button theme-button align-left inline animate-on-hover\" style=\"background:#8265a7;padding-top:5px;padding-right:10px;padding-bottom:5px;padding-left:10px;color:#ffffff;font-size:14px;\" data-wpex-hover='{&quot;background&quot;:&quot;#44318d&quot;}'><span class=\"theme-button-inner\">Pro\u010ditaj ne\u0161to zanimljivo<\/span><\/a> [vc_empty_space height=&#8221;20px&#8221;][\/vc_column_inner][vc_column_inner width=&#8221;1\/2&#8243; css=&#8221;.vc_custom_1612304014587{background-color: rgba(255,255,255,0.75) !important;*background-color: rgb(255,255,255) !important;}&#8221;][vc_separator color=&#8221;custom&#8221; align=&#8221;align_left&#8221; accent_color=&#8221;#d83f87&#8243;][vc_empty_space height=&#8221;10px&#8221;][vc_single_image image=&#8221;1043&#8243; alignment=&#8221;center&#8221; style=&#8221;vc_box_shadow_3d&#8221;][vc_custom_heading text=&#8221;Portfolio&#8221; font_container=&#8221;tag:h3|font_size:22|text_align:left&#8221; google_fonts=&#8221;font_family:Open%20Sans%3A300%2C300italic%2Cregular%2Citalic%2C600%2C600italic%2C700%2C700italic%2C800%2C800italic|font_style:400%20regular%3A400%3Anormal&#8221;][vc_column_text]Portfolio je najbolji svedok nivou profesionalnosti na\u0161ih salonskih usluga, ali edukativnog centra u sklopu Zlochestog studija. Pregledajte od koga se sve u\u010dilo i usavr\u0161avalo majstorstvo.[\/vc_column_text][vc_empty_space height=&#8221;20px&#8221;][vc_empty_space height=&#8221;10px&#8221;]<a href=\"\/en\/portfolio\/\" class=\"vcex-button theme-button align-left inline animate-on-hover\" style=\"background:#8265a7;padding-top:5px;padding-right:10px;padding-bottom:5px;padding-left:10px;color:#ffffff;font-size:14px;\" data-wpex-hover='{&quot;background&quot;:&quot;#44318d&quot;}'><span class=\"theme-button-inner\">Vidi vi\u0161e<\/span><\/a> [vc_empty_space height=&#8221;20px&#8221;][\/vc_column_inner][\/vc_row_inner][\/vc_column][\/vc_row][vc_row remove_bottom_col_margin=&#8221;true&#8221;][vc_column][vc_empty_space height=&#8221;20px&#8221;][vc_separator color=&#8221;custom&#8221; el_width=&#8221;90&#8243; accent_color=&#8221;#d83f87&#8243;][vc_empty_space height=&#8221;20px&#8221;]<div class=\"vcex-module wpex-carousel vcex-testimonials-carousel clr owl-carousel arrwstyle-default\" data-wpex-carousel=\"{&quot;nav&quot;:false,&quot;dots&quot;:false,&quot;autoplay&quot;:true,&quot;loop&quot;:true,&quot;center&quot;:false,&quot;smartSpeed&quot;:250,&quot;items&quot;:4,&quot;slideBy&quot;:1,&quot;autoplayTimeout&quot;:5000,&quot;margin&quot;:15,&quot;itemsTablet&quot;:3,&quot;itemsMobileLandscape&quot;:2,&quot;itemsMobilePortrait&quot;:1,&quot;autoWidth&quot;:false,&quot;autoHeight&quot;:false}\"><div class=\"wpex-carousel-slide\"><div class=\"testimonial-entry post-548 testimonials type-testimonials status-publish has-post-thumbnail hentry entry has-media\"><div class=\"testimonial-entry-content clr\"><span class=\"testimonial-caret\"><\/span><h2 class=\"testimonial-entry-title entry-title\" style=\"color:#d83f87;\">Teodoea R.<\/h2><div class=\"testimonial-entry-details clr\" style=\"color:#ffffff;\"><p>Jako prijatan ambijent! Umetnica opustena, pametna, saradljiva, izuzetno nezna i BRZA. Ono sto je najvaznije, spremna da objasni sve nejasnoce...<a href=\"https:\/\/nokti.net\/en\/testimonial\/teodoea-r\/\" title=\"Pro\u010ditaj vi\u0161e\">Pro\u010ditaj vi\u0161e<span>&rarr;<\/span><\/a><\/p><\/div><\/div><div class=\"testimonial-entry-bottom clr\"><div class=\"testimonial-entry-thumb default-dims\"><img data-no-lazy=\"1\" class=\"skip-lazy\" src=\"https:\/\/nokti.net\/wp-content\/uploads\/2020\/02\/Teodora-Roksa.jpg\" alt='' data-no-retina width=\"200\" height=\"200\" \/><\/div><div class=\"testimonial-entry-meta\"><\/div><\/div><\/div><\/div><div class=\"wpex-carousel-slide\"><div class=\"testimonial-entry post-545 testimonials type-testimonials status-publish has-post-thumbnail hentry entry has-media\"><div class=\"testimonial-entry-content clr\"><span class=\"testimonial-caret\"><\/span><h2 class=\"testimonial-entry-title entry-title\" style=\"color:#d83f87;\">Sladja J.<\/h2><div class=\"testimonial-entry-details clr\" style=\"color:#ffffff;\"><p>Pre 8 godina do\u0161la sam, po preporuci, po najlep\u0161e nokte u gradu! I danas sam tu, i dalje su najlep\u0161i!!!...<a href=\"https:\/\/nokti.net\/en\/testimonial\/sladja-j\/\" title=\"Pro\u010ditaj vi\u0161e\">Pro\u010ditaj vi\u0161e<span>&rarr;<\/span><\/a><\/p><\/div><\/div><div class=\"testimonial-entry-bottom clr\"><div class=\"testimonial-entry-thumb default-dims\"><img data-no-lazy=\"1\" class=\"skip-lazy\" src=\"https:\/\/nokti.net\/wp-content\/uploads\/2020\/02\/Sladjana-Jovic.jpg\" alt='' data-no-retina width=\"200\" height=\"200\" \/><\/div><div class=\"testimonial-entry-meta\"><\/div><\/div><\/div><\/div><div class=\"wpex-carousel-slide\"><div class=\"testimonial-entry post-542 testimonials type-testimonials status-publish has-post-thumbnail hentry entry has-media\"><div class=\"testimonial-entry-content clr\"><span class=\"testimonial-caret\"><\/span><h2 class=\"testimonial-entry-title entry-title\" style=\"color:#d83f87;\">Tanja K.<\/h2><div class=\"testimonial-entry-details clr\" style=\"color:#ffffff;\"><p>Izuzetno kreativna i profesionalna usluga u vrlo prijatnom ambijentu.<\/p><\/div><\/div><div class=\"testimonial-entry-bottom clr\"><div class=\"testimonial-entry-thumb default-dims\"><img data-no-lazy=\"1\" class=\"skip-lazy\" src=\"https:\/\/nokti.net\/wp-content\/uploads\/2020\/02\/Tanja-Kaurin.jpg\" alt='' data-no-retina width=\"200\" height=\"200\" \/><\/div><div class=\"testimonial-entry-meta\"><\/div><\/div><\/div><\/div><div class=\"wpex-carousel-slide\"><div class=\"testimonial-entry post-539 testimonials type-testimonials status-publish has-post-thumbnail hentry entry has-media\"><div class=\"testimonial-entry-content clr\"><span class=\"testimonial-caret\"><\/span><h2 class=\"testimonial-entry-title entry-title\" style=\"color:#d83f87;\">Sanja J.<\/h2><div class=\"testimonial-entry-details clr\" style=\"color:#ffffff;\"><p>Uvek strava nokti i dizajn! Dunja je pravi pro, i uvek na nivou zadatka! Sve preporuke! Love yaaa\u2665<\/p><\/div><\/div><div class=\"testimonial-entry-bottom clr\"><div class=\"testimonial-entry-thumb default-dims\"><img data-no-lazy=\"1\" class=\"skip-lazy\" src=\"https:\/\/nokti.net\/wp-content\/uploads\/2020\/02\/Sanya-Jovanovi\u0107.jpg\" alt='' data-no-retina width=\"200\" height=\"200\" \/><\/div><div class=\"testimonial-entry-meta\"><\/div><\/div><\/div><\/div><div class=\"wpex-carousel-slide\"><div class=\"testimonial-entry post-174 testimonials type-testimonials status-publish has-post-thumbnail hentry entry has-media\"><div class=\"testimonial-entry-content clr\"><span class=\"testimonial-caret\"><\/span><h2 class=\"testimonial-entry-title entry-title\" style=\"color:#d83f87;\">Aleksandra R.<\/h2><div class=\"testimonial-entry-details clr\" style=\"color:#ffffff;\"><p>If you want your grown fingernails look better than a new one, vote 4 Zlochesti<\/p><\/div><\/div><div class=\"testimonial-entry-bottom clr\"><div class=\"testimonial-entry-thumb default-dims\"><img data-no-lazy=\"1\" class=\"skip-lazy\" src=\"https:\/\/nokti.net\/wp-content\/uploads\/2020\/01\/Aleksandra.jpg\" alt='' data-no-retina width=\"200\" height=\"200\" \/><\/div><div class=\"testimonial-entry-meta\"><\/div><\/div><\/div><\/div><div class=\"wpex-carousel-slide\"><div class=\"testimonial-entry post-172 testimonials type-testimonials status-publish has-post-thumbnail hentry entry has-media\"><div class=\"testimonial-entry-content clr\"><span class=\"testimonial-caret\"><\/span><h2 class=\"testimonial-entry-title entry-title\" style=\"color:#d83f87;\">Sanja P<\/h2><div class=\"testimonial-entry-details clr\" style=\"color:#ffffff;\"><p>Best nails in town! The latest trends, top service and a relaxed environment \u2026 It\u2019s a pleasure to let Zlochestja...<a href=\"https:\/\/nokti.net\/en\/testimonial\/sanja-p\/\" title=\"Pro\u010ditaj vi\u0161e\">Pro\u010ditaj vi\u0161e<span>&rarr;<\/span><\/a><\/p><\/div><\/div><div class=\"testimonial-entry-bottom clr\"><div class=\"testimonial-entry-thumb default-dims\"><img data-no-lazy=\"1\" class=\"skip-lazy\" src=\"https:\/\/nokti.net\/wp-content\/uploads\/2020\/01\/Sanja.jpg\" alt='' data-no-retina width=\"200\" height=\"200\" \/><\/div><div class=\"testimonial-entry-meta\"><\/div><\/div><\/div><\/div><div class=\"wpex-carousel-slide\"><div class=\"testimonial-entry post-159 testimonials type-testimonials status-publish has-post-thumbnail hentry entry has-media\"><div class=\"testimonial-entry-content clr\"><span class=\"testimonial-caret\"><\/span><h2 class=\"testimonial-entry-title entry-title\" style=\"color:#d83f87;\">Iveta M.<\/h2><div class=\"testimonial-entry-details clr\" style=\"color:#ffffff;\"><p>For a long time I thought the problem was in my nails until I went to Dunja and realized that...<a href=\"https:\/\/nokti.net\/en\/testimonial\/iveta-m\/\" title=\"Pro\u010ditaj vi\u0161e\">Pro\u010ditaj vi\u0161e<span>&rarr;<\/span><\/a><\/p><\/div><\/div><div class=\"testimonial-entry-bottom clr\"><div class=\"testimonial-entry-thumb default-dims\"><img data-no-lazy=\"1\" class=\"skip-lazy\" src=\"https:\/\/nokti.net\/wp-content\/uploads\/2020\/01\/Iveta.jpg\" alt='' data-no-retina width=\"200\" height=\"200\" \/><\/div><div class=\"testimonial-entry-meta\"><\/div><\/div><\/div><\/div><div class=\"wpex-carousel-slide\"><div class=\"testimonial-entry post-157 testimonials type-testimonials status-publish has-post-thumbnail hentry entry has-media\"><div class=\"testimonial-entry-content clr\"><span class=\"testimonial-caret\"><\/span><h2 class=\"testimonial-entry-title entry-title\" style=\"color:#d83f87;\">Una L. P.<\/h2><div class=\"testimonial-entry-details clr\" style=\"color:#ffffff;\"><p>If you want an exceptionally beautiful, professional and above all healthally safe manicure, whether you are lovers of mother-of-pearl, seamstress...<a href=\"https:\/\/nokti.net\/en\/testimonial\/una-l-p\/\" title=\"Pro\u010ditaj vi\u0161e\">Pro\u010ditaj vi\u0161e<span>&rarr;<\/span><\/a><\/p><\/div><\/div><div class=\"testimonial-entry-bottom clr\"><div class=\"testimonial-entry-thumb default-dims\"><img data-no-lazy=\"1\" class=\"skip-lazy\" src=\"https:\/\/nokti.net\/wp-content\/uploads\/2020\/01\/Una-LP.jpg\" alt='' data-no-retina width=\"200\" height=\"200\" \/><\/div><div class=\"testimonial-entry-meta\"><\/div><\/div><\/div><\/div><\/div>[vc_empty_space height=&#8221;20px&#8221;][\/vc_column][\/vc_row][vc_row full_width=&#8221;stretch_row_content_no_spaces&#8221; remove_bottom_col_margin=&#8221;true&#8221;][vc_column][vc_separator color=&#8221;custom&#8221; el_width=&#8221;90&#8243; accent_color=&#8221;#d83f87&#8243;][vc_empty_space height=&#8221;20px&#8221;]<div class=\"vcex-module wpex-carousel wpex-carousel-images clr owl-carousel arrwstyle-default\" data-wpex-carousel=\"{&quot;nav&quot;:true,&quot;dots&quot;:false,&quot;autoplay&quot;:false,&quot;loop&quot;:true,&quot;center&quot;:false,&quot;smartSpeed&quot;:150,&quot;items&quot;:5,&quot;slideBy&quot;:1,&quot;autoplayTimeout&quot;:5000,&quot;margin&quot;:false,&quot;itemsTablet&quot;:3,&quot;itemsMobileLandscape&quot;:2,&quot;itemsMobilePortrait&quot;:1,&quot;autoWidth&quot;:false,&quot;autoHeight&quot;:false}\"><div class=\"wpex-carousel-slide\"><figure class=\"wpex-carousel-entry-media clr\"><a href=\"https:\/\/nokti1.zelenish.com\/galerija\/\" class=\"wpex-carousel-entry-img\" target=\"_blank\"><img data-no-lazy=\"1\" class=\"skip-lazy\" src=\"https:\/\/nokti.net\/wp-content\/uploads\/2020\/01\/Carneval-Zlochesti-Nokti-small.jpg\" alt='' data-no-retina width=\"640\" height=\"512\" \/><\/a><\/figure><\/div><div class=\"wpex-carousel-slide\"><figure class=\"wpex-carousel-entry-media clr\"><img data-no-lazy=\"1\" class=\"skip-lazy\" src=\"https:\/\/nokti.net\/wp-content\/uploads\/2020\/01\/Music-Mayhem-small.jpg\" alt='' data-no-retina width=\"640\" height=\"512\" \/><\/figure><\/div><div class=\"wpex-carousel-slide\"><figure class=\"wpex-carousel-entry-media clr\"><img data-no-lazy=\"1\" class=\"skip-lazy\" src=\"https:\/\/nokti.net\/wp-content\/uploads\/2020\/01\/Black-Ice-Cream-Zlochesti-Nokti-small.jpg\" alt='' data-no-retina width=\"640\" height=\"512\" \/><\/figure><\/div><div class=\"wpex-carousel-slide\"><figure class=\"wpex-carousel-entry-media clr\"><img data-no-lazy=\"1\" class=\"skip-lazy\" src=\"https:\/\/nokti.net\/wp-content\/uploads\/2020\/01\/Beach-Fun-small.jpg\" alt='' data-no-retina width=\"640\" height=\"512\" \/><\/figure><\/div><div class=\"wpex-carousel-slide\"><figure class=\"wpex-carousel-entry-media clr\"><img data-no-lazy=\"1\" class=\"skip-lazy\" src=\"https:\/\/nokti.net\/wp-content\/uploads\/2020\/01\/Summer-MashUp-Zlochesti-Nokti-small.jpg\" alt='' data-no-retina width=\"640\" height=\"512\" \/><\/figure><\/div><\/div>[vc_empty_space height=&#8221;20px&#8221;][\/vc_column][\/vc_row]\n","protected":false},"excerpt":{"rendered":"<p>[vc_row remove_bottom_col_margin=&#8221;true&#8221;][vc_column][vc_row_inner][vc_column_inner][vc_empty_space height=&#8221;20px&#8221;][vc_single_image image=&#8221;136&#8243; img_size=&#8221;medium&#8221; alignment=&#8221;center&#8221;][vc_empty_space height=&#8221;20px&#8221;][vc_custom_heading text=&#8221;Dobrodo\u0161li na zvani\u010dnu stranicu \u201cZlochesti Nokti\u201c&#8221; font_container=&#8221;tag:h1|text_align:center&#8221; google_fonts=&#8221;font_family:Open%20Sans%3A300%2C300italic%2Cregular%2Citalic%2C600%2C600italic%2C700%2C700italic%2C800%2C800italic|font_style:400%20regular%3A400%3Anormal&#8221;][vc_empty_space height=&#8221;10px&#8221;][vc_column_text] Mesto za sve nail majstore i obo\u017eavatelje dobrog nail dizajna. Cela ideja je pokrenuta iz ljubavi jedne \u017eenske prema noktima kao modernoj industriji i&hellip;<\/p>\n","protected":false},"author":1,"featured_media":0,"parent":0,"menu_order":0,"comment_status":"closed","ping_status":"closed","template":"","meta":[],"yoast_head":"<!-- This site is optimized with the Yoast SEO plugin v15.6.2 - https:\/\/yoast.com\/wordpress\/plugins\/seo\/ -->\n<title>Zlochesti Nokti | Novi Sad | Certified Nailtech &amp; HQ nail products<\/title>\n<meta name=\"description\" content=\"Zlochesti Studio for all nail masters and fans of good nail design. Certified Nailtech &amp; HQ nail products. Zlochesti Nokti - Novi Sad\" \/>\n<meta name=\"robots\" content=\"index, follow, max-snippet:-1, max-image-preview:large, max-video-preview:-1\" \/>\n<link rel=\"canonical\" href=\"https:\/\/nokti.net\/en\/\" \/>\n<meta property=\"og:locale\" content=\"en_US\" \/>\n<meta property=\"og:type\" content=\"article\" \/>\n<meta property=\"og:title\" content=\"Zlochesti Nokti | Novi Sad | Certified Nailtech &amp; HQ nail products\" \/>\n<meta property=\"og:description\" content=\"Zlochesti Studio for all nail masters and fans of good nail design. Certified Nailtech &amp; HQ nail products. Zlochesti Nokti - Novi Sad\" \/>\n<meta property=\"og:url\" content=\"https:\/\/nokti.net\/en\/\" \/>\n<meta property=\"og:site_name\" content=\"Zlochesti Studio\" \/>\n<meta property=\"article:modified_time\" content=\"2021-11-11T16:03:45+00:00\" \/>\n<meta name=\"twitter:card\" content=\"summary_large_image\" \/>\n<meta name=\"twitter:label1\" content=\"Est. reading time\">\n\t<meta name=\"twitter:data1\" content=\"2 minutes\">\n<script type=\"application\/ld+json\" class=\"yoast-schema-graph\">{\"@context\":\"https:\/\/schema.org\",\"@graph\":[{\"@type\":\"WebSite\",\"@id\":\"https:\/\/nokti.net\/#website\",\"url\":\"https:\/\/nokti.net\/\",\"name\":\"Zlochesti Studio\",\"description\":\"Zlochesti Nokti Shop\",\"potentialAction\":[{\"@type\":\"SearchAction\",\"target\":\"https:\/\/nokti.net\/?s={search_term_string}\",\"query-input\":\"required name=search_term_string\"}],\"inLanguage\":\"en-US\"},{\"@type\":\"WebPage\",\"@id\":\"https:\/\/nokti.net\/en\/#webpage\",\"url\":\"https:\/\/nokti.net\/en\/\",\"name\":\"Zlochesti Nokti | Novi Sad | Certified Nailtech & HQ nail products\",\"isPartOf\":{\"@id\":\"https:\/\/nokti.net\/#website\"},\"datePublished\":\"2020-01-30T16:44:58+00:00\",\"dateModified\":\"2021-11-11T16:03:45+00:00\",\"description\":\"Zlochesti Studio for all nail masters and fans of good nail design. Certified Nailtech & HQ nail products. Zlochesti Nokti - Novi Sad\",\"breadcrumb\":{\"@id\":\"https:\/\/nokti.net\/en\/#breadcrumb\"},\"inLanguage\":\"en-US\",\"potentialAction\":[{\"@type\":\"ReadAction\",\"target\":[\"https:\/\/nokti.net\/en\/\"]}]},{\"@type\":\"BreadcrumbList\",\"@id\":\"https:\/\/nokti.net\/en\/#breadcrumb\",\"itemListElement\":[{\"@type\":\"ListItem\",\"position\":1,\"item\":{\"@type\":\"WebPage\",\"@id\":\"https:\/\/nokti.net\/en\/\",\"url\":\"https:\/\/nokti.net\/en\/\",\"name\":\"Home\"}},{\"@type\":\"ListItem\",\"position\":2,\"item\":{\"@type\":\"WebPage\",\"@id\":\"https:\/\/nokti.net\/en\/\",\"url\":\"https:\/\/nokti.net\/en\/\",\"name\":\"Homepage\"}}]}]}<\/script>\n<!-- \/ Yoast SEO plugin. -->","_links":{"self":[{"href":"https:\/\/nokti.net\/en\/wp-json\/wp\/v2\/pages\/37"}],"collection":[{"href":"https:\/\/nokti.net\/en\/wp-json\/wp\/v2\/pages"}],"about":[{"href":"https:\/\/nokti.net\/en\/wp-json\/wp\/v2\/types\/page"}],"author":[{"embeddable":true,"href":"https:\/\/nokti.net\/en\/wp-json\/wp\/v2\/users\/1"}],"replies":[{"embeddable":true,"href":"https:\/\/nokti.net\/en\/wp-json\/wp\/v2\/comments?post=37"}],"version-history":[{"count":12,"href":"https:\/\/nokti.net\/en\/wp-json\/wp\/v2\/pages\/37\/revisions"}],"predecessor-version":[{"id":1101,"href":"https:\/\/nokti.net\/en\/wp-json\/wp\/v2\/pages\/37\/revisions\/1101"}],"wp:attachment":[{"href":"https:\/\/nokti.net\/en\/wp-json\/wp\/v2\/media?parent=37"}],"curies":[{"name":"wp","href":"https:\/\/api.w.org\/{rel}","templated":true}]}}