{"id":42,"date":"2020-01-30T17:34:41","date_gmt":"2020-01-30T17:34:41","guid":{"rendered":"https:\/\/nokti1.zelenish.com\/kontakt\/"},"modified":"2020-09-08T16:33:20","modified_gmt":"2020-09-08T16:33:20","slug":"contact","status":"publish","type":"page","link":"https:\/\/nokti.net\/en\/contact\/","title":{"rendered":"Contact"},"content":{"rendered":"[vc_row][vc_column][vc_row_inner][vc_column_inner width=&#8221;1\/2&#8243;][vc_raw_html]JTVCY29udGFjdC1mb3JtLTclMjBpZCUzRCUyMjYxOCUyMiUyMHRpdGxlJTNEJTIyQ29udGFjdCUyMEZvcm0lMjIlNUQ=[\/vc_raw_html][\/vc_column_inner][vc_column_inner width=&#8221;1\/2&#8243;][vc_empty_space][vc_single_image image=&#8221;130&#8243; css=&#8221;.vc_custom_1599581910554{padding-right: 40px !important;padding-left: 40px !important;}&#8221;][vc_empty_space]<div data-wpex-rcss='{&quot;font-size&quot;:{&quot;d&quot;:&quot;35px&quot;,&quot;tl&quot;:&quot;30px&quot;,&quot;tp&quot;:&quot;30px&quot;,&quot;pl&quot;:&quot;20px&quot;,&quot;pp&quot;:&quot;20px&quot;}}' class=\"vcex-module wpex-social-btns vcex-social-btns textcenter\"><a  href=\"\/zlochesti.nokti\/\" class=\"wpex-social-btn flat-rounded no-padding hvr hvr-float-shadow wpex-facebook\" style=\"width:20%;\" target=\"_blank\"><span class=\"ticon ticon-facebook\" aria-hidden=\"true\"><\/span><span class=\"screen-reader-text\">facebook<\/span><\/a><a  href=\"\/zlochesti.nokti\/\" class=\"wpex-social-btn flat-rounded no-padding hvr hvr-float-shadow wpex-instagram\" style=\"width:20%;\" target=\"_blank\"><span class=\"ticon ticon-instagram\" aria-hidden=\"true\"><\/span><span class=\"screen-reader-text\">instagram<\/span><\/a><a  href=\"\/ZlochestiNokti\" class=\"wpex-social-btn flat-rounded no-padding hvr hvr-float-shadow wpex-youtube\" style=\"width:20%;\" target=\"_blank\"><span class=\"ticon ticon-youtube\" aria-hidden=\"true\"><\/span><span class=\"screen-reader-text\">youtube<\/span><\/a><a  href=\"https:\/\/zlochesti-nokti-novi-sad.tumblr.com\/\" class=\"wpex-social-btn flat-rounded no-padding hvr hvr-float-shadow wpex-tumblr\" style=\"width:20%;\" target=\"_blank\"><span class=\"ticon ticon-tumblr\" aria-hidden=\"true\"><\/span><span class=\"screen-reader-text\">tumblr<\/span><\/a><\/div>[\/vc_column_inner][\/vc_row_inner][\/vc_column][\/vc_row][vc_row][vc_column]<div class=\"vcex-module wpex-carousel vcex-testimonials-carousel clr owl-carousel arrwstyle-slim arrwpos-center\" data-wpex-carousel=\"{&quot;nav&quot;:true,&quot;dots&quot;:false,&quot;autoplay&quot;:true,&quot;loop&quot;:true,&quot;center&quot;:false,&quot;smartSpeed&quot;:250,&quot;items&quot;:3,&quot;slideBy&quot;:1,&quot;autoplayTimeout&quot;:5000,&quot;margin&quot;:15,&quot;itemsTablet&quot;:3,&quot;itemsMobileLandscape&quot;:2,&quot;itemsMobilePortrait&quot;:1,&quot;autoWidth&quot;:false,&quot;autoHeight&quot;:false}\"><div class=\"wpex-carousel-slide\"><div class=\"testimonial-entry post-548 testimonials type-testimonials status-publish has-post-thumbnail hentry entry has-media\"><div class=\"testimonial-entry-content clr\"><span class=\"testimonial-caret\"><\/span><div class=\"testimonial-entry-details clr\">[vc_row][vc_column][vc_column_text]Jako prijatan ambijent! Umetnica opustena, pametna, saradljiva, izuzetno nezna i BRZA. Ono sto je najvaznije, spremna da objasni sve nejasnoce i pravilnu negu. Rad sa kvalitetnim materijalima, neogranicen izbor boja (a samo sam bacila pogled, ko zna sta se sve tu krije). Super iskustvo![\/vc_column_text][\/vc_column][\/vc_row]\n<\/div><\/div><div class=\"testimonial-entry-bottom clr\"><div class=\"testimonial-entry-thumb default-dims\"><img data-no-lazy=\"1\" class=\"skip-lazy\" src=\"https:\/\/nokti.net\/wp-content\/uploads\/2020\/02\/Teodora-Roksa.jpg\" alt='' data-no-retina width=\"200\" height=\"200\" \/><\/div><div class=\"testimonial-entry-meta\"><\/div><\/div><\/div><\/div><div class=\"wpex-carousel-slide\"><div class=\"testimonial-entry post-545 testimonials type-testimonials status-publish has-post-thumbnail hentry entry has-media\"><div class=\"testimonial-entry-content clr\"><span class=\"testimonial-caret\"><\/span><div class=\"testimonial-entry-details clr\">[vc_row][vc_column][vc_column_text]Pre 8 godina do\u0161la sam, po preporuci, po najlep\u0161e nokte u gradu! I danas sam tu, i dalje su najlep\u0161i!!! \u00a0Ko zna zna![\/vc_column_text][\/vc_column][\/vc_row]\n<\/div><\/div><div class=\"testimonial-entry-bottom clr\"><div class=\"testimonial-entry-thumb default-dims\"><img data-no-lazy=\"1\" class=\"skip-lazy\" src=\"https:\/\/nokti.net\/wp-content\/uploads\/2020\/02\/Sladjana-Jovic.jpg\" alt='' data-no-retina width=\"200\" height=\"200\" \/><\/div><div class=\"testimonial-entry-meta\"><\/div><\/div><\/div><\/div><div class=\"wpex-carousel-slide\"><div class=\"testimonial-entry post-542 testimonials type-testimonials status-publish has-post-thumbnail hentry entry has-media\"><div class=\"testimonial-entry-content clr\"><span class=\"testimonial-caret\"><\/span><div class=\"testimonial-entry-details clr\">[vc_row][vc_column][vc_column_text]Izuzetno kreativna i profesionalna usluga u vrlo prijatnom ambijentu.[\/vc_column_text][\/vc_column][\/vc_row]\n<\/div><\/div><div class=\"testimonial-entry-bottom clr\"><div class=\"testimonial-entry-thumb default-dims\"><img data-no-lazy=\"1\" class=\"skip-lazy\" src=\"https:\/\/nokti.net\/wp-content\/uploads\/2020\/02\/Tanja-Kaurin.jpg\" alt='' data-no-retina width=\"200\" height=\"200\" \/><\/div><div class=\"testimonial-entry-meta\"><\/div><\/div><\/div><\/div><div class=\"wpex-carousel-slide\"><div class=\"testimonial-entry post-539 testimonials type-testimonials status-publish has-post-thumbnail hentry entry has-media\"><div class=\"testimonial-entry-content clr\"><span class=\"testimonial-caret\"><\/span><div class=\"testimonial-entry-details clr\">[vc_row][vc_column][vc_column_text]Uvek strava nokti i dizajn! Dunja je pravi pro, i uvek na nivou zadatka! Sve preporuke! Love yaaa\u2665[\/vc_column_text][\/vc_column][\/vc_row]\n<\/div><\/div><div class=\"testimonial-entry-bottom clr\"><div class=\"testimonial-entry-thumb default-dims\"><img data-no-lazy=\"1\" class=\"skip-lazy\" src=\"https:\/\/nokti.net\/wp-content\/uploads\/2020\/02\/Sanya-Jovanovi\u0107.jpg\" alt='' data-no-retina width=\"200\" height=\"200\" \/><\/div><div class=\"testimonial-entry-meta\"><\/div><\/div><\/div><\/div><div class=\"wpex-carousel-slide\"><div class=\"testimonial-entry post-174 testimonials type-testimonials status-publish has-post-thumbnail hentry entry has-media\"><div class=\"testimonial-entry-content clr\"><span class=\"testimonial-caret\"><\/span><div class=\"testimonial-entry-details clr\"><p>If you want your grown fingernails look better than a new one, vote 4 Zlochesti<\/p>\n<\/div><\/div><div class=\"testimonial-entry-bottom clr\"><div class=\"testimonial-entry-thumb default-dims\"><img data-no-lazy=\"1\" class=\"skip-lazy\" src=\"https:\/\/nokti.net\/wp-content\/uploads\/2020\/01\/Aleksandra.jpg\" alt='' data-no-retina width=\"200\" height=\"200\" \/><\/div><div class=\"testimonial-entry-meta\"><\/div><\/div><\/div><\/div><div class=\"wpex-carousel-slide\"><div class=\"testimonial-entry post-172 testimonials type-testimonials status-publish has-post-thumbnail hentry entry has-media\"><div class=\"testimonial-entry-content clr\"><span class=\"testimonial-caret\"><\/span><div class=\"testimonial-entry-details clr\"><p>Best nails in town! The latest trends, top service and a relaxed environment \u2026 It\u2019s a pleasure to let Zlochestja do her nails :*<\/p>\n<\/div><\/div><div class=\"testimonial-entry-bottom clr\"><div class=\"testimonial-entry-thumb default-dims\"><img data-no-lazy=\"1\" class=\"skip-lazy\" src=\"https:\/\/nokti.net\/wp-content\/uploads\/2020\/01\/Sanja.jpg\" alt='' data-no-retina width=\"200\" height=\"200\" \/><\/div><div class=\"testimonial-entry-meta\"><\/div><\/div><\/div><\/div><div class=\"wpex-carousel-slide\"><div class=\"testimonial-entry post-159 testimonials type-testimonials status-publish has-post-thumbnail hentry entry has-media\"><div class=\"testimonial-entry-content clr\"><span class=\"testimonial-caret\"><\/span><div class=\"testimonial-entry-details clr\"><p>For a long time I thought the problem was in my nails until I went to Dunja and realized that the problem was all the time in other manicures \ud83d\ude09 For all the banged women who are not careful and overweight with hands, the endurance guaranteed \ud83d\ude42<\/p>\n<\/div><\/div><div class=\"testimonial-entry-bottom clr\"><div class=\"testimonial-entry-thumb default-dims\"><img data-no-lazy=\"1\" class=\"skip-lazy\" src=\"https:\/\/nokti.net\/wp-content\/uploads\/2020\/01\/Iveta.jpg\" alt='' data-no-retina width=\"200\" height=\"200\" \/><\/div><div class=\"testimonial-entry-meta\"><\/div><\/div><\/div><\/div><div class=\"wpex-carousel-slide\"><div class=\"testimonial-entry post-157 testimonials type-testimonials status-publish has-post-thumbnail hentry entry has-media\"><div class=\"testimonial-entry-content clr\"><span class=\"testimonial-caret\"><\/span><div class=\"testimonial-entry-details clr\"><p>If you want an exceptionally beautiful, professional and above all healthally safe manicure, whether you are lovers of mother-of-pearl, seamstress or elegant simplicity, you will not get disappointed from this salon! You will rarely find a technician with such expertise, certificates, equipment and professional approach. All praise for, in my opinion, the best salon in Novi Sad.<\/p>\n<\/div><\/div><div class=\"testimonial-entry-bottom clr\"><div class=\"testimonial-entry-thumb default-dims\"><img data-no-lazy=\"1\" class=\"skip-lazy\" src=\"https:\/\/nokti.net\/wp-content\/uploads\/2020\/01\/Una-LP.jpg\" alt='' data-no-retina width=\"200\" height=\"200\" \/><\/div><div class=\"testimonial-entry-meta\"><\/div><\/div><\/div><\/div><\/div>[\/vc_column][\/vc_row]\n","protected":false},"excerpt":{"rendered":"<p>[vc_row][vc_column][vc_row_inner][vc_column_inner width=&#8221;1\/2&#8243;][vc_raw_html]JTVCY29udGFjdC1mb3JtLTclMjBpZCUzRCUyMjYxOCUyMiUyMHRpdGxlJTNEJTIyQ29udGFjdCUyMEZvcm0lMjIlNUQ=[\/vc_raw_html][\/vc_column_inner][vc_column_inner width=&#8221;1\/2&#8243;][vc_empty_space][vc_single_image image=&#8221;130&#8243; css=&#8221;.vc_custom_1599581910554{padding-right: 40px !important;padding-left: 40px !important;}&#8221;][vc_empty_space][\/vc_column_inner][\/vc_row_inner][\/vc_column][\/vc_row][vc_row][vc_column][\/vc_column][\/vc_row]<\/p>\n","protected":false},"author":1,"featured_media":0,"parent":0,"menu_order":0,"comment_status":"closed","ping_status":"closed","template":"","meta":[],"yoast_head":"<!-- This site is optimized with the Yoast SEO plugin v15.6.2 - https:\/\/yoast.com\/wordpress\/plugins\/seo\/ -->\n<title>Contact - Zlochesti Studio<\/title>\n<meta name=\"robots\" content=\"index, follow, max-snippet:-1, max-image-preview:large, max-video-preview:-1\" \/>\n<link rel=\"canonical\" href=\"https:\/\/nokti.net\/en\/contact\/\" \/>\n<meta property=\"og:locale\" content=\"en_US\" \/>\n<meta property=\"og:type\" content=\"article\" \/>\n<meta property=\"og:title\" content=\"Contact - Zlochesti Studio\" \/>\n<meta property=\"og:description\" content=\"[vc_row][vc_column][vc_row_inner][vc_column_inner width=&#8221;1\/2&#8243;][vc_raw_html]JTVCY29udGFjdC1mb3JtLTclMjBpZCUzRCUyMjYxOCUyMiUyMHRpdGxlJTNEJTIyQ29udGFjdCUyMEZvcm0lMjIlNUQ=[\/vc_raw_html][\/vc_column_inner][vc_column_inner width=&#8221;1\/2&#8243;][vc_empty_space][vc_single_image image=&#8221;130&#8243; css=&#8221;.vc_custom_1599581910554{padding-right: 40px !important;padding-left: 40px !important;}&#8221;][vc_empty_space][\/vc_column_inner][\/vc_row_inner][\/vc_column][\/vc_row][vc_row][vc_column][\/vc_column][\/vc_row]\" \/>\n<meta property=\"og:url\" content=\"https:\/\/nokti.net\/en\/contact\/\" \/>\n<meta property=\"og:site_name\" content=\"Zlochesti Studio\" \/>\n<meta property=\"article:modified_time\" content=\"2020-09-08T16:33:20+00:00\" \/>\n<meta name=\"twitter:card\" content=\"summary_large_image\" \/>\n<meta name=\"twitter:label1\" content=\"Est. reading time\">\n\t<meta name=\"twitter:data1\" content=\"1 minute\">\n<script type=\"application\/ld+json\" class=\"yoast-schema-graph\">{\"@context\":\"https:\/\/schema.org\",\"@graph\":[{\"@type\":\"WebSite\",\"@id\":\"https:\/\/nokti.net\/#website\",\"url\":\"https:\/\/nokti.net\/\",\"name\":\"Zlochesti Studio\",\"description\":\"Zlochesti Nokti Shop\",\"potentialAction\":[{\"@type\":\"SearchAction\",\"target\":\"https:\/\/nokti.net\/?s={search_term_string}\",\"query-input\":\"required name=search_term_string\"}],\"inLanguage\":\"en-US\"},{\"@type\":\"WebPage\",\"@id\":\"https:\/\/nokti.net\/en\/contact\/#webpage\",\"url\":\"https:\/\/nokti.net\/en\/contact\/\",\"name\":\"Contact - Zlochesti Studio\",\"isPartOf\":{\"@id\":\"https:\/\/nokti.net\/#website\"},\"datePublished\":\"2020-01-30T17:34:41+00:00\",\"dateModified\":\"2020-09-08T16:33:20+00:00\",\"breadcrumb\":{\"@id\":\"https:\/\/nokti.net\/en\/contact\/#breadcrumb\"},\"inLanguage\":\"en-US\",\"potentialAction\":[{\"@type\":\"ReadAction\",\"target\":[\"https:\/\/nokti.net\/en\/contact\/\"]}]},{\"@type\":\"BreadcrumbList\",\"@id\":\"https:\/\/nokti.net\/en\/contact\/#breadcrumb\",\"itemListElement\":[{\"@type\":\"ListItem\",\"position\":1,\"item\":{\"@type\":\"WebPage\",\"@id\":\"https:\/\/nokti.net\/en\/\",\"url\":\"https:\/\/nokti.net\/en\/\",\"name\":\"Home\"}},{\"@type\":\"ListItem\",\"position\":2,\"item\":{\"@type\":\"WebPage\",\"@id\":\"https:\/\/nokti.net\/en\/contact\/\",\"url\":\"https:\/\/nokti.net\/en\/contact\/\",\"name\":\"Contact\"}}]}]}<\/script>\n<!-- \/ Yoast SEO plugin. -->","_links":{"self":[{"href":"https:\/\/nokti.net\/en\/wp-json\/wp\/v2\/pages\/42"}],"collection":[{"href":"https:\/\/nokti.net\/en\/wp-json\/wp\/v2\/pages"}],"about":[{"href":"https:\/\/nokti.net\/en\/wp-json\/wp\/v2\/types\/page"}],"author":[{"embeddable":true,"href":"https:\/\/nokti.net\/en\/wp-json\/wp\/v2\/users\/1"}],"replies":[{"embeddable":true,"href":"https:\/\/nokti.net\/en\/wp-json\/wp\/v2\/comments?post=42"}],"version-history":[{"count":4,"href":"https:\/\/nokti.net\/en\/wp-json\/wp\/v2\/pages\/42\/revisions"}],"predecessor-version":[{"id":623,"href":"https:\/\/nokti.net\/en\/wp-json\/wp\/v2\/pages\/42\/revisions\/623"}],"wp:attachment":[{"href":"https:\/\/nokti.net\/en\/wp-json\/wp\/v2\/media?parent=42"}],"curies":[{"name":"wp","href":"https:\/\/api.w.org\/{rel}","templated":true}]}}