{"id":50,"date":"2020-01-30T17:39:51","date_gmt":"2020-01-30T17:39:51","guid":{"rendered":"https:\/\/nokti1.zelenish.com\/zlochesti-studio\/"},"modified":"2021-03-23T16:09:28","modified_gmt":"2021-03-23T16:09:28","slug":"zlochesti-studio","status":"publish","type":"page","link":"https:\/\/nokti.net\/en\/zlochesti-studio\/","title":{"rendered":"Zlochesti Studio"},"content":{"rendered":"[vc_row remove_bottom_col_margin=&#8221;true&#8221;][vc_column][vc_single_image image=&#8221;130&#8243; img_size=&#8221;medium&#8221; alignment=&#8221;center&#8221;][vc_empty_space height=&#8221;20px&#8221;][vc_column_text]\n<p style=\"text-align: center;\">Zlochesti Studio is a beauty salon dedicated to the aesthetics of nails, hands and feet. With ten years of experience, modern equipment and materials of the latest technology, we offer manicure, pedicure, spa treatments and professional make-up services. Treat yourself to a manicure, paraffin treatment, nail extensions or some other service from the Zlochesti Offer.<br \/>\nThe 1 to 1 session allows you to completely relax and enjoy the treatment. In a pleasant and comfortable atmosphere, all services are conducted according to a certified principle. The materials we use are of proven quality and produced in the EU. The tools are sterilized according to the regulations, and for the safety of the client, they are stored in sterilization bags. All chemical products are adapted to cosmetic GMP (ISO 22716: 2007) and tested by the latest chromatographic technology (HPLC) to meet the needs of the most sensitive clients.<br \/>\nA special emphasis in the offer of Zlochesti Nails is placed on nail design. In addition to a large selection of glitter, decorations, 150 different nail polish shades and Swarovski crystals, over 500 inspirational design patterns are also available. Let your nails be your main accessory and a good fit for all your outfit combinations.<\/p>\n[\/vc_column_text][vc_empty_space height=&#8221;20px&#8221;][\/vc_column][\/vc_row][vc_row remove_bottom_col_margin=&#8221;true&#8221;][vc_column width=&#8221;1\/3&#8243;][vc_row_inner css=&#8221;.vc_custom_1581001629958{padding: 5px !important;}&#8221;][vc_column_inner css=&#8221;.vc_custom_1581001227832{border-top-width: 1px !important;border-right-width: 1px !important;border-bottom-width: 1px !important;border-left-width: 1px !important;padding-top: 10px !important;padding-right: 10px !important;padding-bottom: 10px !important;padding-left: 10px !important;background-color: #d9eafd !important;border-left-color: #9bc9fb !important;border-left-style: solid !important;border-right-color: #9bc9fb !important;border-right-style: solid !important;border-top-color: #9bc9fb !important;border-top-style: solid !important;border-bottom-color: #9bc9fb !important;border-bottom-style: solid !important;}&#8221;][vc_single_image image=&#8221;513&#8243; alignment=&#8221;center&#8221; style=&#8221;vc_box_rounded&#8221; onclick=&#8221;custom_link&#8221; link=&#8221;\/wp\/nega-ruku\/&#8221;][vc_custom_heading text=&#8221;MANICURE&#8221; font_container=&#8221;tag:h2|font_size:24|text_align:center|color:%23333333&#8243; google_fonts=&#8221;font_family:Open%20Sans%3A300%2C300italic%2Cregular%2Citalic%2C600%2C600italic%2C700%2C700italic%2C800%2C800italic|font_style:600%20bold%20regular%3A600%3Anormal&#8221;][vc_column_text]\n<p style=\"text-align: center;\">From natural to artificial &#8211; Nails are our specialty!<\/p>\n[\/vc_column_text][vc_empty_space height=&#8221;10&#8243;]<div class=\"textcenter theme-button-wrap clr\"><a href=\"\/en\/zlochesti-studio\/hand-care\/\" class=\"vcex-button theme-button small align-center inline animate-on-hover\" style=\"background:#9bc9fb;color:#ffffff;border:1;border-radius:3px;\" data-wpex-hover='{&quot;color&quot;:&quot;#ffffff&quot;}'><span class=\"theme-button-inner\">See more<\/span><\/a><\/div> [\/vc_column_inner][\/vc_row_inner][vc_empty_space height=&#8221;10&#8243;][\/vc_column][vc_column width=&#8221;1\/3&#8243;][vc_row_inner css=&#8221;.vc_custom_1581001638167{padding: 5px !important;}&#8221;][vc_column_inner css=&#8221;.vc_custom_1581001227832{border-top-width: 1px !important;border-right-width: 1px !important;border-bottom-width: 1px !important;border-left-width: 1px !important;padding-top: 10px !important;padding-right: 10px !important;padding-bottom: 10px !important;padding-left: 10px !important;background-color: #d9eafd !important;border-left-color: #9bc9fb !important;border-left-style: solid !important;border-right-color: #9bc9fb !important;border-right-style: solid !important;border-top-color: #9bc9fb !important;border-top-style: solid !important;border-bottom-color: #9bc9fb !important;border-bottom-style: solid !important;}&#8221;][vc_single_image image=&#8221;515&#8243; alignment=&#8221;center&#8221; style=&#8221;vc_box_rounded&#8221; onclick=&#8221;custom_link&#8221; link=&#8221;\/wp\/nega-nogu\/&#8221;][vc_custom_heading text=&#8221;PEDICURE&#8221; font_container=&#8221;tag:h2|font_size:24|text_align:center|color:%23333333&#8243; google_fonts=&#8221;font_family:Open%20Sans%3A300%2C300italic%2Cregular%2Citalic%2C600%2C600italic%2C700%2C700italic%2C800%2C800italic|font_style:600%20bold%20regular%3A600%3Anormal&#8221;][vc_column_text]\n<p style=\"text-align: center;\">Dry, hard or neglected feet?<br \/>\nAesthetics and care for your feet.<\/p>\n[\/vc_column_text][vc_empty_space height=&#8221;10&#8243;]<div class=\"textcenter theme-button-wrap clr\"><a href=\"\/nega-ruku\/\" class=\"vcex-button theme-button small align-center inline animate-on-hover\" style=\"background:#9bc9fb;color:#ffffff;border:1;border-radius:3px;\" data-wpex-hover='{&quot;color&quot;:&quot;#ffffff&quot;}'><span class=\"theme-button-inner\">See more<\/span><\/a><\/div> [\/vc_column_inner][\/vc_row_inner][vc_empty_space height=&#8221;10&#8243;][\/vc_column][vc_column width=&#8221;1\/3&#8243;][vc_row_inner css=&#8221;.vc_custom_1581001638167{padding: 5px !important;}&#8221;][vc_column_inner css=&#8221;.vc_custom_1581001227832{border-top-width: 1px !important;border-right-width: 1px !important;border-bottom-width: 1px !important;border-left-width: 1px !important;padding-top: 10px !important;padding-right: 10px !important;padding-bottom: 10px !important;padding-left: 10px !important;background-color: #d9eafd !important;border-left-color: #9bc9fb !important;border-left-style: solid !important;border-right-color: #9bc9fb !important;border-right-style: solid !important;border-top-color: #9bc9fb !important;border-top-style: solid !important;border-bottom-color: #9bc9fb !important;border-bottom-style: solid !important;}&#8221;][vc_single_image image=&#8221;519&#8243; alignment=&#8221;center&#8221; style=&#8221;vc_box_rounded&#8221; onclick=&#8221;custom_link&#8221; link=&#8221;\/wp\/nega-nogu\/&#8221;][vc_custom_heading text=&#8221;SPA TREATMENTS&#8221; font_container=&#8221;tag:h2|font_size:24|text_align:center|color:%23333333&#8243; google_fonts=&#8221;font_family:Open%20Sans%3A300%2C300italic%2Cregular%2Citalic%2C600%2C600italic%2C700%2C700italic%2C800%2C800italic|font_style:600%20bold%20regular%3A600%3Anormal&#8221;][vc_column_text]\n<p style=\"text-align: center;\">Dry skin becomes the past!<br \/>\nSounds good? Check it out.<\/p>\n[\/vc_column_text][vc_empty_space height=&#8221;10&#8243;]<div class=\"textcenter theme-button-wrap clr\"><a href=\"\/nega-ruku\/\" class=\"vcex-button theme-button small align-center inline animate-on-hover\" style=\"background:#9bc9fb;color:#ffffff;border:1;border-radius:3px;\" data-wpex-hover='{&quot;color&quot;:&quot;#ffffff&quot;}'><span class=\"theme-button-inner\">See more<\/span><\/a><\/div> [\/vc_column_inner][\/vc_row_inner][vc_empty_space height=&#8221;10&#8243;][\/vc_column][\/vc_row][vc_row remove_bottom_col_margin=&#8221;true&#8221;][vc_column][vc_empty_space height=&#8221;20px&#8221;][vc_row_inner][vc_column_inner width=&#8221;5\/6&#8243;][vc_column_text]\n<p style=\"text-align: center;\">The \u201cTrust Company\u201d certificate is awarded to entrepreneurs who are characterized by a spotless reputation. The \u201cTrust Company\u201d project was launched by the Client Opinion Research Centre (CZIMK Doo). The certificate is a not only recognition that the company stands out for its good reputation among clients and colleagues, but also to maintain the level of customer satisfaction in relation to the competition. The research is conducted with the help of specialized software developed by the Polish company SVOK ltd.<\/p>\n[\/vc_column_text][vc_empty_space height=&#8221;10&#8243;][vc_single_image image=&#8221;525&#8243; img_size=&#8221;200&#215;200&#8243; alignment=&#8221;center&#8221;][\/vc_column_inner][vc_column_inner width=&#8221;1\/6&#8243;][vc_single_image image=&#8221;527&#8243; alignment=&#8221;center&#8221; onclick=&#8221;img_link_large&#8221;][vc_empty_space height=&#8221;20px&#8221;][\/vc_column_inner][\/vc_row_inner][vc_empty_space height=&#8221;20px&#8221;][\/vc_column][\/vc_row][vc_row remove_bottom_col_margin=&#8221;true&#8221;][vc_column][vc_empty_space height=&#8221;20px&#8221;]<div class=\"vcex-module wpex-carousel vcex-testimonials-carousel clr owl-carousel arrwstyle-default\" data-wpex-carousel=\"{&quot;nav&quot;:false,&quot;dots&quot;:false,&quot;autoplay&quot;:true,&quot;loop&quot;:true,&quot;center&quot;:false,&quot;smartSpeed&quot;:250,&quot;items&quot;:4,&quot;slideBy&quot;:1,&quot;autoplayTimeout&quot;:5000,&quot;margin&quot;:15,&quot;itemsTablet&quot;:3,&quot;itemsMobileLandscape&quot;:2,&quot;itemsMobilePortrait&quot;:1,&quot;autoWidth&quot;:false,&quot;autoHeight&quot;:false}\"><div class=\"wpex-carousel-slide\"><div class=\"testimonial-entry post-548 testimonials type-testimonials status-publish has-post-thumbnail hentry entry has-media\"><div class=\"testimonial-entry-content clr\"><span class=\"testimonial-caret\"><\/span><h2 class=\"testimonial-entry-title entry-title\" style=\"color:#d83f87;\">Teodoea R.<\/h2><div class=\"testimonial-entry-details clr\"><p>Jako prijatan ambijent! Umetnica opustena, pametna, saradljiva, izuzetno nezna i BRZA. Ono sto je najvaznije, spremna da objasni sve nejasnoce...<a href=\"https:\/\/nokti.net\/en\/testimonial\/teodoea-r\/\" title=\"Read more\">Read more<span>&rarr;<\/span><\/a><\/p><\/div><\/div><div class=\"testimonial-entry-bottom clr\"><div class=\"testimonial-entry-thumb default-dims\"><img data-no-lazy=\"1\" class=\"skip-lazy\" src=\"https:\/\/nokti.net\/wp-content\/uploads\/2020\/02\/Teodora-Roksa.jpg\" alt='' data-no-retina width=\"200\" height=\"200\" \/><\/div><div class=\"testimonial-entry-meta\"><\/div><\/div><\/div><\/div><div class=\"wpex-carousel-slide\"><div class=\"testimonial-entry post-545 testimonials type-testimonials status-publish has-post-thumbnail hentry entry has-media\"><div class=\"testimonial-entry-content clr\"><span class=\"testimonial-caret\"><\/span><h2 class=\"testimonial-entry-title entry-title\" style=\"color:#d83f87;\">Sladja J.<\/h2><div class=\"testimonial-entry-details clr\"><p>Pre 8 godina do\u0161la sam, po preporuci, po najlep\u0161e nokte u gradu! I danas sam tu, i dalje su najlep\u0161i!!!...<a href=\"https:\/\/nokti.net\/en\/testimonial\/sladja-j\/\" title=\"Read more\">Read more<span>&rarr;<\/span><\/a><\/p><\/div><\/div><div class=\"testimonial-entry-bottom clr\"><div class=\"testimonial-entry-thumb default-dims\"><img data-no-lazy=\"1\" class=\"skip-lazy\" src=\"https:\/\/nokti.net\/wp-content\/uploads\/2020\/02\/Sladjana-Jovic.jpg\" alt='' data-no-retina width=\"200\" height=\"200\" \/><\/div><div class=\"testimonial-entry-meta\"><\/div><\/div><\/div><\/div><div class=\"wpex-carousel-slide\"><div class=\"testimonial-entry post-542 testimonials type-testimonials status-publish has-post-thumbnail hentry entry has-media\"><div class=\"testimonial-entry-content clr\"><span class=\"testimonial-caret\"><\/span><h2 class=\"testimonial-entry-title entry-title\" style=\"color:#d83f87;\">Tanja K.<\/h2><div class=\"testimonial-entry-details clr\"><p>Izuzetno kreativna i profesionalna usluga u vrlo prijatnom ambijentu.<\/p><\/div><\/div><div class=\"testimonial-entry-bottom clr\"><div class=\"testimonial-entry-thumb default-dims\"><img data-no-lazy=\"1\" class=\"skip-lazy\" src=\"https:\/\/nokti.net\/wp-content\/uploads\/2020\/02\/Tanja-Kaurin.jpg\" alt='' data-no-retina width=\"200\" height=\"200\" \/><\/div><div class=\"testimonial-entry-meta\"><\/div><\/div><\/div><\/div><div class=\"wpex-carousel-slide\"><div class=\"testimonial-entry post-539 testimonials type-testimonials status-publish has-post-thumbnail hentry entry has-media\"><div class=\"testimonial-entry-content clr\"><span class=\"testimonial-caret\"><\/span><h2 class=\"testimonial-entry-title entry-title\" style=\"color:#d83f87;\">Sanja J.<\/h2><div class=\"testimonial-entry-details clr\"><p>Uvek strava nokti i dizajn! Dunja je pravi pro, i uvek na nivou zadatka! Sve preporuke! Love yaaa\u2665<\/p><\/div><\/div><div class=\"testimonial-entry-bottom clr\"><div class=\"testimonial-entry-thumb default-dims\"><img data-no-lazy=\"1\" class=\"skip-lazy\" src=\"https:\/\/nokti.net\/wp-content\/uploads\/2020\/02\/Sanya-Jovanovi\u0107.jpg\" alt='' data-no-retina width=\"200\" height=\"200\" \/><\/div><div class=\"testimonial-entry-meta\"><\/div><\/div><\/div><\/div><div class=\"wpex-carousel-slide\"><div class=\"testimonial-entry post-174 testimonials type-testimonials status-publish has-post-thumbnail hentry entry has-media\"><div class=\"testimonial-entry-content clr\"><span class=\"testimonial-caret\"><\/span><h2 class=\"testimonial-entry-title entry-title\" style=\"color:#d83f87;\">Aleksandra R.<\/h2><div class=\"testimonial-entry-details clr\"><p>If you want your grown fingernails look better than a new one, vote 4 Zlochesti<\/p><\/div><\/div><div class=\"testimonial-entry-bottom clr\"><div class=\"testimonial-entry-thumb default-dims\"><img data-no-lazy=\"1\" class=\"skip-lazy\" src=\"https:\/\/nokti.net\/wp-content\/uploads\/2020\/01\/Aleksandra.jpg\" alt='' data-no-retina width=\"200\" height=\"200\" \/><\/div><div class=\"testimonial-entry-meta\"><\/div><\/div><\/div><\/div><div class=\"wpex-carousel-slide\"><div class=\"testimonial-entry post-172 testimonials type-testimonials status-publish has-post-thumbnail hentry entry has-media\"><div class=\"testimonial-entry-content clr\"><span class=\"testimonial-caret\"><\/span><h2 class=\"testimonial-entry-title entry-title\" style=\"color:#d83f87;\">Sanja P<\/h2><div class=\"testimonial-entry-details clr\"><p>Best nails in town! The latest trends, top service and a relaxed environment \u2026 It\u2019s a pleasure to let Zlochestja...<a href=\"https:\/\/nokti.net\/en\/testimonial\/sanja-p\/\" title=\"Read more\">Read more<span>&rarr;<\/span><\/a><\/p><\/div><\/div><div class=\"testimonial-entry-bottom clr\"><div class=\"testimonial-entry-thumb default-dims\"><img data-no-lazy=\"1\" class=\"skip-lazy\" src=\"https:\/\/nokti.net\/wp-content\/uploads\/2020\/01\/Sanja.jpg\" alt='' data-no-retina width=\"200\" height=\"200\" \/><\/div><div class=\"testimonial-entry-meta\"><\/div><\/div><\/div><\/div><div class=\"wpex-carousel-slide\"><div class=\"testimonial-entry post-159 testimonials type-testimonials status-publish has-post-thumbnail hentry entry has-media\"><div class=\"testimonial-entry-content clr\"><span class=\"testimonial-caret\"><\/span><h2 class=\"testimonial-entry-title entry-title\" style=\"color:#d83f87;\">Iveta M.<\/h2><div class=\"testimonial-entry-details clr\"><p>For a long time I thought the problem was in my nails until I went to Dunja and realized that...<a href=\"https:\/\/nokti.net\/en\/testimonial\/iveta-m\/\" title=\"Read more\">Read more<span>&rarr;<\/span><\/a><\/p><\/div><\/div><div class=\"testimonial-entry-bottom clr\"><div class=\"testimonial-entry-thumb default-dims\"><img data-no-lazy=\"1\" class=\"skip-lazy\" src=\"https:\/\/nokti.net\/wp-content\/uploads\/2020\/01\/Iveta.jpg\" alt='' data-no-retina width=\"200\" height=\"200\" \/><\/div><div class=\"testimonial-entry-meta\"><\/div><\/div><\/div><\/div><div class=\"wpex-carousel-slide\"><div class=\"testimonial-entry post-157 testimonials type-testimonials status-publish has-post-thumbnail hentry entry has-media\"><div class=\"testimonial-entry-content clr\"><span class=\"testimonial-caret\"><\/span><h2 class=\"testimonial-entry-title entry-title\" style=\"color:#d83f87;\">Una L. P.<\/h2><div class=\"testimonial-entry-details clr\"><p>If you want an exceptionally beautiful, professional and above all healthally safe manicure, whether you are lovers of mother-of-pearl, seamstress...<a href=\"https:\/\/nokti.net\/en\/testimonial\/una-l-p\/\" title=\"Read more\">Read more<span>&rarr;<\/span><\/a><\/p><\/div><\/div><div class=\"testimonial-entry-bottom clr\"><div class=\"testimonial-entry-thumb default-dims\"><img data-no-lazy=\"1\" class=\"skip-lazy\" src=\"https:\/\/nokti.net\/wp-content\/uploads\/2020\/01\/Una-LP.jpg\" alt='' data-no-retina width=\"200\" height=\"200\" \/><\/div><div class=\"testimonial-entry-meta\"><\/div><\/div><\/div><\/div><\/div>[vc_empty_space height=&#8221;20px&#8221;][\/vc_column][\/vc_row]\n","protected":false},"excerpt":{"rendered":"<p>[vc_row remove_bottom_col_margin=&#8221;true&#8221;][vc_column][vc_single_image image=&#8221;130&#8243; img_size=&#8221;medium&#8221; alignment=&#8221;center&#8221;][vc_empty_space height=&#8221;20px&#8221;][vc_column_text] Zlochesti Studio is a beauty salon dedicated to the aesthetics of nails, hands and feet. With ten years of experience, modern equipment and materials of the latest technology, we offer manicure, pedicure, spa treatments&hellip;<\/p>\n","protected":false},"author":1,"featured_media":0,"parent":0,"menu_order":0,"comment_status":"closed","ping_status":"closed","template":"","meta":[],"yoast_head":"<!-- This site is optimized with the Yoast SEO plugin v15.6.2 - https:\/\/yoast.com\/wordpress\/plugins\/seo\/ -->\n<title>Zlochesti Studio - Zlochesti Studio<\/title>\n<meta name=\"robots\" content=\"index, follow, max-snippet:-1, max-image-preview:large, max-video-preview:-1\" \/>\n<link rel=\"canonical\" href=\"https:\/\/nokti.net\/en\/zlochesti-studio\/\" \/>\n<meta property=\"og:locale\" content=\"en_US\" \/>\n<meta property=\"og:type\" content=\"article\" \/>\n<meta property=\"og:title\" content=\"Zlochesti Studio - Zlochesti Studio\" \/>\n<meta property=\"og:description\" content=\"[vc_row remove_bottom_col_margin=&#8221;true&#8221;][vc_column][vc_single_image image=&#8221;130&#8243; img_size=&#8221;medium&#8221; alignment=&#8221;center&#8221;][vc_empty_space height=&#8221;20px&#8221;][vc_column_text] Zlochesti Studio is a beauty salon dedicated to the aesthetics of nails, hands and feet. With ten years of experience, modern equipment and materials of the latest technology, we offer manicure, pedicure, spa treatments&hellip;\" \/>\n<meta property=\"og:url\" content=\"https:\/\/nokti.net\/en\/zlochesti-studio\/\" \/>\n<meta property=\"og:site_name\" content=\"Zlochesti Studio\" \/>\n<meta property=\"article:modified_time\" content=\"2021-03-23T16:09:28+00:00\" \/>\n<meta name=\"twitter:card\" content=\"summary_large_image\" \/>\n<meta name=\"twitter:label1\" content=\"Est. reading time\">\n\t<meta name=\"twitter:data1\" content=\"3 minutes\">\n<script type=\"application\/ld+json\" class=\"yoast-schema-graph\">{\"@context\":\"https:\/\/schema.org\",\"@graph\":[{\"@type\":\"WebSite\",\"@id\":\"https:\/\/nokti.net\/#website\",\"url\":\"https:\/\/nokti.net\/\",\"name\":\"Zlochesti Studio\",\"description\":\"Zlochesti Nokti Shop\",\"potentialAction\":[{\"@type\":\"SearchAction\",\"target\":\"https:\/\/nokti.net\/?s={search_term_string}\",\"query-input\":\"required name=search_term_string\"}],\"inLanguage\":\"en-US\"},{\"@type\":\"WebPage\",\"@id\":\"https:\/\/nokti.net\/en\/zlochesti-studio\/#webpage\",\"url\":\"https:\/\/nokti.net\/en\/zlochesti-studio\/\",\"name\":\"Zlochesti Studio - Zlochesti Studio\",\"isPartOf\":{\"@id\":\"https:\/\/nokti.net\/#website\"},\"datePublished\":\"2020-01-30T17:39:51+00:00\",\"dateModified\":\"2021-03-23T16:09:28+00:00\",\"breadcrumb\":{\"@id\":\"https:\/\/nokti.net\/en\/zlochesti-studio\/#breadcrumb\"},\"inLanguage\":\"en-US\",\"potentialAction\":[{\"@type\":\"ReadAction\",\"target\":[\"https:\/\/nokti.net\/en\/zlochesti-studio\/\"]}]},{\"@type\":\"BreadcrumbList\",\"@id\":\"https:\/\/nokti.net\/en\/zlochesti-studio\/#breadcrumb\",\"itemListElement\":[{\"@type\":\"ListItem\",\"position\":1,\"item\":{\"@type\":\"WebPage\",\"@id\":\"https:\/\/nokti.net\/en\/\",\"url\":\"https:\/\/nokti.net\/en\/\",\"name\":\"Home\"}},{\"@type\":\"ListItem\",\"position\":2,\"item\":{\"@type\":\"WebPage\",\"@id\":\"https:\/\/nokti.net\/en\/zlochesti-studio\/\",\"url\":\"https:\/\/nokti.net\/en\/zlochesti-studio\/\",\"name\":\"Zlochesti Studio\"}}]}]}<\/script>\n<!-- \/ Yoast SEO plugin. -->","_links":{"self":[{"href":"https:\/\/nokti.net\/en\/wp-json\/wp\/v2\/pages\/50"}],"collection":[{"href":"https:\/\/nokti.net\/en\/wp-json\/wp\/v2\/pages"}],"about":[{"href":"https:\/\/nokti.net\/en\/wp-json\/wp\/v2\/types\/page"}],"author":[{"embeddable":true,"href":"https:\/\/nokti.net\/en\/wp-json\/wp\/v2\/users\/1"}],"replies":[{"embeddable":true,"href":"https:\/\/nokti.net\/en\/wp-json\/wp\/v2\/comments?post=50"}],"version-history":[{"count":10,"href":"https:\/\/nokti.net\/en\/wp-json\/wp\/v2\/pages\/50\/revisions"}],"predecessor-version":[{"id":1064,"href":"https:\/\/nokti.net\/en\/wp-json\/wp\/v2\/pages\/50\/revisions\/1064"}],"wp:attachment":[{"href":"https:\/\/nokti.net\/en\/wp-json\/wp\/v2\/media?parent=50"}],"curies":[{"name":"wp","href":"https:\/\/api.w.org\/{rel}","templated":true}]}}